{"id":867,"date":"2017-12-20T23:11:51","date_gmt":"2017-12-20T23:11:51","guid":{"rendered":"https:\/\/smak-academy.de\/?page_id=867"},"modified":"2017-12-21T08:56:19","modified_gmt":"2017-12-21T08:56:19","slug":"ueber-smak","status":"publish","type":"page","link":"https:\/\/smak-academy.de\/?page_id=867","title":{"rendered":"\u00dcber SmaK"},"content":{"rendered":"<p>Smart Kids (SmaK) Academy ist eine mobile Privatschule f\u00fcr kreative, spielerische F\u00f6rderung von Kindern und Jugendlichen.<\/p>\n<p>Immer wieder steht unser derzeitiges Schulsystem in der Kritik. Lehrer und Eltern bef\u00fcrchten, dass Kinder zu wenig auf die Herausforderungen der Zukunft vorbereitet werden, die sich aus den rapiden technischen und gesellschaftlichen Ver\u00e4nderungen unserer Zeit ergeben. Die viel diskutierten Ergebnisse bei internationalen Vergleichsstudien wie TIMSS und PISA haben dieses Gef\u00fchl weiter verst\u00e4rkt. Weiterhin wird in Politik und Wirtschaft das Problem des eklatanten Fachkr\u00e4ftemangels in den naturwissenschaftlich-technischen Berufen mit Nachdruck diskutiert.<\/p>\n<p>Wo liegt das Problem? Junge Menschen stehen nach ihrem Schulabschluss heute vor ganz anderen Herausforderungen als noch vor wenigen Jahren. Das rigide Auswendiglernen von Fakten liefert in einer Zeit, wo nahezu alle Informationen jederzeit in Sekundenschnelle abgerufen werden k\u00f6nnen, keinen gro\u00dfen Vorteil mehr. Hingegen habe das Begreifen vielschichtiger Zusammenh\u00e4nge, fach\u00fcbergreifendes Denken und das Erarbeiten kreativer L\u00f6sungswege umso mehr an Bedeutung gewonnen. Hinzu kommen neue Anforderungen an soziale F\u00e4higkeiten und Kommunikation die den Austausch von Wissen f\u00f6rdern, Menschen verschiedener F\u00e4higkeiten verbinden und an einem gemeinsamen Ziel arbeiten lassen. Die oft althergebrachten Strukturen unseres Bildungssystems und dessen Lehrpl\u00e4ne sind \u00fcberholt und k\u00f6nnen mit diesen Anforderungen nur begrenzt mithalten. Ver\u00e4nderungen werden nur z\u00f6gerlich eingebracht und es fehlt an Lehrkr\u00e4ften, die diese Neuerungen effizient implementieren k\u00f6nnen. Diese Kluft zwischen den Anforderungen an Schulen und der Realit\u00e4t schafft einen gro\u00dfen Bedarf an au\u00dferschulischen Bildungsangeboten f\u00fcr Kinder. Diesem Bedarf stellt SmaK Academy ein Angebot an Kursen und Veranstaltungen entgegen.<\/p>\n<p>Unsere Angebote setzen ganz bewusst dort an, wo der klassische F\u00e4cherunterricht an den Schulen aufh\u00f6rt. Das gilt auch f\u00fcr unser Lernkonzept. Die Kurse verfolgen nicht das Lehrer-Sch\u00fcler Prinzip. Vielmehr motiviert der Kursleiter die Kinder dazu eigene L\u00f6sungen zu ert\u00fcfteln. Er steht ihrem Erkenntnisgewinn als Trainer zur Seite, ohne den Weg vorzugeben und \u00fcbernimmt die Rolle eines Ausbilders f\u00fcr Methoden, hilft als technischer Berater und moderiert Diskussionen.<\/p>\n<p>Neben den engen Verbindungen zum Lehrplan verschiedener Schulf\u00e4cher f\u00f6rdern unsere Kurse auch sogenannte &#8222;soft skills&#8220;. W\u00e4hrend sich Wissen relativ leicht vermitteln l\u00e4sst, sind pers\u00f6nliche, soziale und methodische Kompetenzen schwer zu erlernen bzw. zu trainieren. Das Kurskonzept von SmaK Academy vermittelt klassische &#8222;soft skills&#8220; wie ergebnisorientiertes Denken und Handeln sowie Verantwortungsbewusstsein und Zuverl\u00e4ssigkeit. Au\u00dferdem m\u00f6chten wir den Teamgeist f\u00f6rdern indem Kinder zu zweit oder dritt zusammen arbeiten. Hilfsbereitschaft und der Austausch zwischen Teams wird belohnt und &#8222;kopieren&#8220; (abgucken) von Ideen anderer Teams ist explizit erlaubt.<\/p>\n<p>Dr. Alexander Graf<br \/>\nTrainer und Gr\u00fcnder von Smart Kids Academy<\/p>\n<p><img loading=\"lazy\" decoding=\"async\" class=\"wp-image-869 alignnone\" src=\"https:\/\/smak-academy.de\/wp-content\/uploads\/2017\/12\/DSC1308-1024x683.jpg\" alt=\"\" width=\"239\" height=\"159\" srcset=\"https:\/\/smak-academy.de\/wp-content\/uploads\/2017\/12\/DSC1308-1024x683.jpg 1024w, https:\/\/smak-academy.de\/wp-content\/uploads\/2017\/12\/DSC1308-300x200.jpg 300w, https:\/\/smak-academy.de\/wp-content\/uploads\/2017\/12\/DSC1308-768x512.jpg 768w, https:\/\/smak-academy.de\/wp-content\/uploads\/2017\/12\/DSC1308-100x67.jpg 100w, https:\/\/smak-academy.de\/wp-content\/uploads\/2017\/12\/DSC1308-150x100.jpg 150w, https:\/\/smak-academy.de\/wp-content\/uploads\/2017\/12\/DSC1308-200x133.jpg 200w, https:\/\/smak-academy.de\/wp-content\/uploads\/2017\/12\/DSC1308-450x300.jpg 450w, https:\/\/smak-academy.de\/wp-content\/uploads\/2017\/12\/DSC1308-600x400.jpg 600w, https:\/\/smak-academy.de\/wp-content\/uploads\/2017\/12\/DSC1308-900x600.jpg 900w\" sizes=\"(max-width: 239px) 100vw, 239px\" \/><\/p>\n","protected":false},"excerpt":{"rendered":"<p>Smart Kids (SmaK) Academy ist eine mobile Privatschule f\u00fcr kreative, spielerische F\u00f6rderung von Kindern und Jugendlichen. Immer wieder steht unser derzeitiges Schulsystem in der Kritik. Lehrer und Eltern bef\u00fcrchten, dass Kinder zu wenig auf die Herausforderungen der Zukunft vorbereitet werden, &hellip;<\/p>\n<p class=\"read-more\"> <a class=\"more-link\" href=\"https:\/\/smak-academy.de\/?page_id=867\"> <span class=\"screen-reader-text\">\u00dcber SmaK<\/span> Read More &raquo;<\/a><\/p>\n","protected":false},"author":1,"featured_media":0,"parent":0,"menu_order":0,"comment_status":"closed","ping_status":"closed","template":"","meta":{"footnotes":""},"_links":{"self":[{"href":"https:\/\/smak-academy.de\/index.php?rest_route=\/wp\/v2\/pages\/867"}],"collection":[{"href":"https:\/\/smak-academy.de\/index.php?rest_route=\/wp\/v2\/pages"}],"about":[{"href":"https:\/\/smak-academy.de\/index.php?rest_route=\/wp\/v2\/types\/page"}],"author":[{"embeddable":true,"href":"https:\/\/smak-academy.de\/index.php?rest_route=\/wp\/v2\/users\/1"}],"replies":[{"embeddable":true,"href":"https:\/\/smak-academy.de\/index.php?rest_route=%2Fwp%2Fv2%2Fcomments&post=867"}],"version-history":[{"count":14,"href":"https:\/\/smak-academy.de\/index.php?rest_route=\/wp\/v2\/pages\/867\/revisions"}],"predecessor-version":[{"id":885,"href":"https:\/\/smak-academy.de\/index.php?rest_route=\/wp\/v2\/pages\/867\/revisions\/885"}],"wp:attachment":[{"href":"https:\/\/smak-academy.de\/index.php?rest_route=%2Fwp%2Fv2%2Fmedia&parent=867"}],"curies":[{"name":"wp","href":"https:\/\/api.w.org\/{rel}","templated":true}]}}